{"id":5707,"date":"2024-06-13T18:20:19","date_gmt":"2024-06-13T16:20:19","guid":{"rendered":"https:\/\/naturelfes.com\/about-us\/"},"modified":"2026-03-16T16:32:39","modified_gmt":"2026-03-16T15:32:39","slug":"about-us","status":"publish","type":"page","link":"https:\/\/naturelfes.com\/en\/about-us\/","title":{"rendered":"About us"},"content":{"rendered":"\n<h1 class=\"wp-block-heading has-text-align-center has-ast-global-color-6-color has-text-color has-link-color wp-elements-94126c34125a97900d93cbcaca59ff06\" style=\"padding-top:0;padding-bottom:0;font-size:34px\"><strong>Who&#8217;s behind the screen?<\/strong><\/h1>\n\n<div class=\"wp-block-uagb-container uagb-block-6bc1ba2d alignfull uagb-is-root-container\"><div class=\"uagb-container-inner-blocks-wrap\">\n<p class=\"has-text-align-left has-ast-global-color-2-color has-text-color has-link-color wp-elements-7d16abedd484f6dc3be832cdfafa4a22\" style=\"padding-top:0;padding-right:var(--wp--preset--spacing--30);padding-bottom:0;padding-left:var(--wp--preset--spacing--30)\"><br\/>I&#8217;m Franny and I&#8217;ve always had a passion for nature, especially animals. Having the good fortune to live in the countryside, I started exploring the natural world around me at an early age through hiking.<br\/><br\/>Then in 2009, I took my first trip abroad to the American West. Ever since that magnificent trip, I&#8217;ve been thirsting to discover the natural treasures of our planet, and above all to further one of my oldest dreams: to see as many animal species as possible in their natural environment. <br\/><\/p>\n\n\n\n<div class=\"wp-block-media-text alignwide is-stacked-on-mobile is-vertically-aligned-top has-black-color has-text-color has-link-color wp-elements-b2b8ed643c535146dcffe390bf1babe5\" style=\"padding-right:var(--wp--preset--spacing--20);padding-left:var(--wp--preset--spacing--20);grid-template-columns:53% auto\"><figure class=\"wp-block-media-text__media\"><img loading=\"lazy\" decoding=\"async\" width=\"1368\" height=\"912\" src=\"https:\/\/naturelfes.com\/wp-content\/uploads\/2024\/08\/portrait-bebe-phoque-banquise-canada.jpg\" alt=\"Photo de moi sur la banquise canadienne, \u00e0 c\u00f4t\u00e9 d'un b\u00e9b\u00e9 phoque, dans un paysage gel\u00e9\" class=\"wp-image-268 size-full\" srcset=\"https:\/\/naturelfes.com\/wp-content\/uploads\/2024\/08\/portrait-bebe-phoque-banquise-canada.jpg 1368w, https:\/\/naturelfes.com\/wp-content\/uploads\/2024\/08\/portrait-bebe-phoque-banquise-canada-1000x667.jpg 1000w, https:\/\/naturelfes.com\/wp-content\/uploads\/2024\/08\/portrait-bebe-phoque-banquise-canada-768x512.jpg 768w\" sizes=\"auto, (max-width: 1368px) 100vw, 1368px\" \/><\/figure><div class=\"wp-block-media-text__content\">\n<p class=\"has-text-align-left has-ast-global-color-2-color has-text-color has-link-color wp-elements-e6bf2e6fdc521090cb64bcee3907dc4f\" style=\"padding-right:var(--wp--preset--spacing--20);padding-left:var(--wp--preset--spacing--20)\">So I&#8217;ve continued to travel ever since, sometimes alone, but more often accompanied by my sisters, friends and now my partner. <br\/>I feel so comfortable and alive in nature, and I have such an infinite love for all its inhabitants, that I&#8217;d like to give back a little of what it gives me by doing my bit to protect it and change the way people look at things. In 2022, I left my job to follow my heart and that\u2019s how <strong>NaturElfes<\/strong> was born.<br\/>A space where I share my photos, travel stories, and above all, my love for animals.<br\/>I hope these images and words will resonate with your own connection to nature.  <br\/><\/p>\n\n\n\n<p class=\"has-text-align-center has-ast-global-color-2-color has-text-color has-link-color wp-elements-8a05c6e53bc0e30b6ce3e0db6f6a6f54\"><br\/>Feel free to send me a message, I would be really happy to chat with you.<\/p>\n\n\n\n<p class=\"has-text-align-center has-ast-global-color-2-color has-text-color has-link-color wp-elements-9321eb205bed0015ca71bccd40a014ea\"><strong>Franny<\/strong><\/p>\n<\/div><\/div>\n<\/div><\/div>\n\n<p><\/p>\n","protected":false},"excerpt":{"rendered":"<p>Who&#8217;s behind the screen? I&#8217;m Franny and I&#8217;ve always had a passion for nature, especially animals. Having the good fortune to live in the countryside, I started exploring the natural world around me at an early age through hiking. Then in 2009, I took my first trip abroad to the American West. Ever since that [&hellip;]<\/p>\n","protected":false},"author":1,"featured_media":5416,"parent":0,"menu_order":0,"comment_status":"closed","ping_status":"closed","template":"","meta":{"om_disable_all_campaigns":false,"_uag_custom_page_level_css":"","site-sidebar-layout":"default","site-content-layout":"","ast-site-content-layout":"default","site-content-style":"default","site-sidebar-style":"default","ast-global-header-display":"","ast-banner-title-visibility":"","ast-main-header-display":"","ast-hfb-above-header-display":"","ast-hfb-below-header-display":"","ast-hfb-mobile-header-display":"","site-post-title":"disabled","ast-breadcrumbs-content":"","ast-featured-img":"disabled","footer-sml-layout":"","ast-disable-related-posts":"","theme-transparent-header-meta":"","adv-header-id-meta":"","stick-header-meta":"","header-above-stick-meta":"","header-main-stick-meta":"","header-below-stick-meta":"","astra-migrate-meta-layouts":"set","ast-page-background-enabled":"default","ast-page-background-meta":{"desktop":{"background-color":"var(--ast-global-color-4)","background-image":"","background-repeat":"repeat","background-position":"center center","background-size":"auto","background-attachment":"scroll","background-type":"","background-media":"","overlay-type":"","overlay-color":"","overlay-opacity":"","overlay-gradient":""},"tablet":{"background-color":"","background-image":"","background-repeat":"repeat","background-position":"center center","background-size":"auto","background-attachment":"scroll","background-type":"","background-media":"","overlay-type":"","overlay-color":"","overlay-opacity":"","overlay-gradient":""},"mobile":{"background-color":"","background-image":"","background-repeat":"repeat","background-position":"center center","background-size":"auto","background-attachment":"scroll","background-type":"","background-media":"","overlay-type":"","overlay-color":"","overlay-opacity":"","overlay-gradient":""}},"ast-content-background-meta":{"desktop":{"background-color":"var(--ast-global-color-5)","background-image":"","background-repeat":"repeat","background-position":"center center","background-size":"auto","background-attachment":"scroll","background-type":"","background-media":"","overlay-type":"","overlay-color":"","overlay-opacity":"","overlay-gradient":""},"tablet":{"background-color":"var(--ast-global-color-5)","background-image":"","background-repeat":"repeat","background-position":"center center","background-size":"auto","background-attachment":"scroll","background-type":"","background-media":"","overlay-type":"","overlay-color":"","overlay-opacity":"","overlay-gradient":""},"mobile":{"background-color":"var(--ast-global-color-5)","background-image":"","background-repeat":"repeat","background-position":"center center","background-size":"auto","background-attachment":"scroll","background-type":"","background-media":"","overlay-type":"","overlay-color":"","overlay-opacity":"","overlay-gradient":""}},"footnotes":""},"class_list":["post-5707","page","type-page","status-publish","has-post-thumbnail","hentry"],"aioseo_notices":[],"uagb_featured_image_src":{"full":["https:\/\/naturelfes.com\/wp-content\/uploads\/2024\/08\/portrait-bebe-phoque-banquise-canada.jpg",1368,912,false],"thumbnail":["https:\/\/naturelfes.com\/wp-content\/uploads\/2024\/08\/portrait-bebe-phoque-banquise-canada-500x500.jpg",500,500,true],"medium":["https:\/\/naturelfes.com\/wp-content\/uploads\/2024\/08\/portrait-bebe-phoque-banquise-canada-1000x667.jpg",1000,667,true],"medium_large":["https:\/\/naturelfes.com\/wp-content\/uploads\/2024\/08\/portrait-bebe-phoque-banquise-canada-768x512.jpg",768,512,true],"large":["https:\/\/naturelfes.com\/wp-content\/uploads\/2024\/08\/portrait-bebe-phoque-banquise-canada.jpg",1368,912,false],"1536x1536":["https:\/\/naturelfes.com\/wp-content\/uploads\/2024\/08\/portrait-bebe-phoque-banquise-canada.jpg",1368,912,false],"2048x2048":["https:\/\/naturelfes.com\/wp-content\/uploads\/2024\/08\/portrait-bebe-phoque-banquise-canada.jpg",1368,912,false]},"uagb_author_info":{"display_name":"admin8460","author_link":"https:\/\/naturelfes.com\/en\/author\/admin8460\/"},"uagb_comment_info":0,"uagb_excerpt":"Who&#8217;s behind the screen? I&#8217;m Franny and I&#8217;ve always had a passion for nature, especially animals. Having the good fortune to live in the countryside, I started exploring the natural world around me at an early age through hiking. Then in 2009, I took my first trip abroad to the American West. Ever since that&hellip;","_links":{"self":[{"href":"https:\/\/naturelfes.com\/en\/wp-json\/wp\/v2\/pages\/5707","targetHints":{"allow":["GET"]}}],"collection":[{"href":"https:\/\/naturelfes.com\/en\/wp-json\/wp\/v2\/pages"}],"about":[{"href":"https:\/\/naturelfes.com\/en\/wp-json\/wp\/v2\/types\/page"}],"author":[{"embeddable":true,"href":"https:\/\/naturelfes.com\/en\/wp-json\/wp\/v2\/users\/1"}],"replies":[{"embeddable":true,"href":"https:\/\/naturelfes.com\/en\/wp-json\/wp\/v2\/comments?post=5707"}],"version-history":[{"count":20,"href":"https:\/\/naturelfes.com\/en\/wp-json\/wp\/v2\/pages\/5707\/revisions"}],"predecessor-version":[{"id":8829,"href":"https:\/\/naturelfes.com\/en\/wp-json\/wp\/v2\/pages\/5707\/revisions\/8829"}],"wp:featuredmedia":[{"embeddable":true,"href":"https:\/\/naturelfes.com\/en\/wp-json\/wp\/v2\/media\/5416"}],"wp:attachment":[{"href":"https:\/\/naturelfes.com\/en\/wp-json\/wp\/v2\/media?parent=5707"}],"curies":[{"name":"wp","href":"https:\/\/api.w.org\/{rel}","templated":true}]}}